{"id":520,"date":"2012-11-01T16:13:35","date_gmt":"2012-11-01T14:13:35","guid":{"rendered":"http:\/\/www.discounter-produkte.de\/discounter-blog\/?page_id=520"},"modified":"2012-11-01T16:13:35","modified_gmt":"2012-11-01T14:13:35","slug":"blogroll","status":"publish","type":"page","link":"https:\/\/www.discounter-produkte.de\/discounter-blog\/blogroll\/","title":{"rendered":"Blogroll"},"content":{"rendered":"<p>Immer wieder sto\u00dfen wir auf interessante Webseiten, auf dieser Seite folgenen nun ein paar, die wir regelm\u00e4\u00dfig besuchen und uns interessanter Inhalte erfreuen rund um die Themen Superm\u00e4rkte, Discounter, Lebensmittel, eFood und vieles mehr:<\/p>\n<p><strong>Blogs<\/strong><\/p>\n<p><a href=\"http:\/\/www.efood-blog.de\/\">efood-blog<\/a> von Fabio Ziem\u00dfen<\/p>\n<p><a href=\"http:\/\/etailment.de\/\">etailment<\/a><\/p>\n<p><a href=\"http:\/\/www.supermarktblog.com\">supermarktblog.com<\/a> von Peer Schader<\/p>\n<p><strong>Zeitungen<\/strong><\/p>\n<p><a href=\"http:\/\/www.lebensmittelzeitung.net\/\">Lebensmittelzeitung<\/a><\/p>\n","protected":false},"excerpt":{"rendered":"<p>Immer wieder sto\u00dfen wir auf interessante Webseiten, auf dieser Seite folgenen nun ein paar, die wir regelm\u00e4\u00dfig besuchen und uns interessanter Inhalte erfreuen rund um die Themen Superm\u00e4rkte, Discounter, Lebensmittel, eFood und vieles mehr: Blogs efood-blog von Fabio Ziem\u00dfen etailment supermarktblog.com von Peer Schader Zeitungen Lebensmittelzeitung<\/p>\n","protected":false},"author":3,"featured_media":0,"parent":0,"menu_order":0,"comment_status":"open","ping_status":"open","template":"","meta":[],"yoast_head":"<!-- This site is optimized with the Yoast SEO plugin v20.5 - https:\/\/yoast.com\/wordpress\/plugins\/seo\/ -->\n<title>Blogroll<\/title>\n<meta name=\"robots\" content=\"index, follow, max-snippet:-1, max-image-preview:large, max-video-preview:-1\" \/>\n<link rel=\"canonical\" href=\"https:\/\/www.discounter-produkte.de\/discounter-blog\/blogroll\/\" \/>\n<meta property=\"og:locale\" content=\"de_DE\" \/>\n<meta property=\"og:type\" content=\"article\" \/>\n<meta property=\"og:title\" content=\"Blogroll\" \/>\n<meta property=\"og:description\" content=\"Immer wieder sto\u00dfen wir auf interessante Webseiten, auf dieser Seite folgenen nun ein paar, die wir regelm\u00e4\u00dfig besuchen und uns interessanter Inhalte erfreuen rund um die Themen Superm\u00e4rkte, Discounter, Lebensmittel, eFood und vieles mehr: Blogs efood-blog von Fabio Ziem\u00dfen etailment supermarktblog.com von Peer Schader Zeitungen Lebensmittelzeitung\" \/>\n<meta property=\"og:url\" content=\"https:\/\/www.discounter-produkte.de\/discounter-blog\/blogroll\/\" \/>\n<meta property=\"og:site_name\" content=\"Discounter Blog\" \/>\n<script type=\"application\/ld+json\" class=\"yoast-schema-graph\">{\"@context\":\"https:\/\/schema.org\",\"@graph\":[{\"@type\":\"WebPage\",\"@id\":\"https:\/\/www.discounter-produkte.de\/discounter-blog\/blogroll\/\",\"url\":\"https:\/\/www.discounter-produkte.de\/discounter-blog\/blogroll\/\",\"name\":\"Blogroll\",\"isPartOf\":{\"@id\":\"https:\/\/www.discounter-produkte.de\/discounter-blog\/#website\"},\"datePublished\":\"2012-11-01T14:13:35+00:00\",\"dateModified\":\"2012-11-01T14:13:35+00:00\",\"inLanguage\":\"de\",\"potentialAction\":[{\"@type\":\"ReadAction\",\"target\":[\"https:\/\/www.discounter-produkte.de\/discounter-blog\/blogroll\/\"]}]},{\"@type\":\"WebSite\",\"@id\":\"https:\/\/www.discounter-produkte.de\/discounter-blog\/#website\",\"url\":\"https:\/\/www.discounter-produkte.de\/discounter-blog\/\",\"name\":\"Discounter Blog\",\"description\":\"Discounter Angebote einfach online finden\",\"potentialAction\":[{\"@type\":\"SearchAction\",\"target\":{\"@type\":\"EntryPoint\",\"urlTemplate\":\"https:\/\/www.discounter-produkte.de\/discounter-blog\/?s={search_term_string}\"},\"query-input\":\"required name=search_term_string\"}],\"inLanguage\":\"de\"}]}<\/script>\n<!-- \/ Yoast SEO plugin. -->","yoast_head_json":{"title":"Blogroll","robots":{"index":"index","follow":"follow","max-snippet":"max-snippet:-1","max-image-preview":"max-image-preview:large","max-video-preview":"max-video-preview:-1"},"canonical":"https:\/\/www.discounter-produkte.de\/discounter-blog\/blogroll\/","og_locale":"de_DE","og_type":"article","og_title":"Blogroll","og_description":"Immer wieder sto\u00dfen wir auf interessante Webseiten, auf dieser Seite folgenen nun ein paar, die wir regelm\u00e4\u00dfig besuchen und uns interessanter Inhalte erfreuen rund um die Themen Superm\u00e4rkte, Discounter, Lebensmittel, eFood und vieles mehr: Blogs efood-blog von Fabio Ziem\u00dfen etailment supermarktblog.com von Peer Schader Zeitungen Lebensmittelzeitung","og_url":"https:\/\/www.discounter-produkte.de\/discounter-blog\/blogroll\/","og_site_name":"Discounter Blog","schema":{"@context":"https:\/\/schema.org","@graph":[{"@type":"WebPage","@id":"https:\/\/www.discounter-produkte.de\/discounter-blog\/blogroll\/","url":"https:\/\/www.discounter-produkte.de\/discounter-blog\/blogroll\/","name":"Blogroll","isPartOf":{"@id":"https:\/\/www.discounter-produkte.de\/discounter-blog\/#website"},"datePublished":"2012-11-01T14:13:35+00:00","dateModified":"2012-11-01T14:13:35+00:00","inLanguage":"de","potentialAction":[{"@type":"ReadAction","target":["https:\/\/www.discounter-produkte.de\/discounter-blog\/blogroll\/"]}]},{"@type":"WebSite","@id":"https:\/\/www.discounter-produkte.de\/discounter-blog\/#website","url":"https:\/\/www.discounter-produkte.de\/discounter-blog\/","name":"Discounter Blog","description":"Discounter Angebote einfach online finden","potentialAction":[{"@type":"SearchAction","target":{"@type":"EntryPoint","urlTemplate":"https:\/\/www.discounter-produkte.de\/discounter-blog\/?s={search_term_string}"},"query-input":"required name=search_term_string"}],"inLanguage":"de"}]}},"_links":{"self":[{"href":"https:\/\/www.discounter-produkte.de\/discounter-blog\/wp-json\/wp\/v2\/pages\/520"}],"collection":[{"href":"https:\/\/www.discounter-produkte.de\/discounter-blog\/wp-json\/wp\/v2\/pages"}],"about":[{"href":"https:\/\/www.discounter-produkte.de\/discounter-blog\/wp-json\/wp\/v2\/types\/page"}],"author":[{"embeddable":true,"href":"https:\/\/www.discounter-produkte.de\/discounter-blog\/wp-json\/wp\/v2\/users\/3"}],"replies":[{"embeddable":true,"href":"https:\/\/www.discounter-produkte.de\/discounter-blog\/wp-json\/wp\/v2\/comments?post=520"}],"version-history":[{"count":3,"href":"https:\/\/www.discounter-produkte.de\/discounter-blog\/wp-json\/wp\/v2\/pages\/520\/revisions"}],"predecessor-version":[{"id":523,"href":"https:\/\/www.discounter-produkte.de\/discounter-blog\/wp-json\/wp\/v2\/pages\/520\/revisions\/523"}],"wp:attachment":[{"href":"https:\/\/www.discounter-produkte.de\/discounter-blog\/wp-json\/wp\/v2\/media?parent=520"}],"curies":[{"name":"wp","href":"https:\/\/api.w.org\/{rel}","templated":true}]}}